{"id":5080,"date":"2021-05-18T09:51:04","date_gmt":"2021-05-18T07:51:04","guid":{"rendered":"https:\/\/mozaic-assetmanagement.com\/publications\/"},"modified":"2026-02-18T18:37:27","modified_gmt":"2026-02-18T17:37:27","slug":"publications","status":"publish","type":"page","link":"https:\/\/mozaic-assetmanagement.com\/en\/publications\/","title":{"rendered":"Publications"},"content":{"rendered":"<h2>T\u00e9l\u00e9chargez notre Cartographie du secteur de l&#8217;immobilier de sant\u00e9.<\/h2>\n<p><a href=\"https:\/\/mozaic-assetmanagement.com\/en\/mapping-the-healthcare-real-estate-sector\/\" target=\"_blank\" rel=\"noopener\">Cliquez ici pour vous obtenir la Cartographie dans son int\u00e9gralit\u00e9.<\/a><\/p>\n<p>&nbsp;<\/p>\n<p>&nbsp;<\/p>\n<h2>T\u00e9l\u00e9chargez notre livre blanc !<\/h2>\n<h5>&#8220;Au-del\u00e0 du carbone : se saisir des enjeux sociaux et de gouvernance dans la soci\u00e9t\u00e9&#8221;\u00a0 &#8211; Juin 2025<\/h5>\n<p><a href=\"https:\/\/online.fliphtml5.com\/ropcz\/zref\/\" target=\"_blank\" rel=\"noopener\">Cliquez ici pour d\u00e9couvrir notre livre blanc en ligne.<\/a><\/p>\n<p><a href=\"https:\/\/mozaic-assetmanagement.com\/wp-content\/uploads\/2025\/06\/Livre-Blanc_Le-Secteur-Sante-et-les-enjeux-ESG.pdf\">Cliquez ici pour t\u00e9l\u00e9charger notre Livre Blanc_&#8221;Le Secteur Sante\u0301 et les enjeux ESG<\/a><\/p>\n<p>&nbsp;<\/p>\n<h2>Voyez ci-dessous notre Newsletter trimestrielle.<\/h2>\n<h5>Newsletter MoZa\u00efc Market Insights \/ February 2026 : <a href=\"https:\/\/online.fliphtml5.com\/ropcz\/cdhl\/\" target=\"_blank\" rel=\"noopener\">t\u00e9l\u00e9chargement ici\u00a0\u00a0<\/a>\u00a0 \u00a0<span style=\"color: #ff0000;\">NEW !<\/span><\/h5>\n<h5>Newsletter MoZa\u00efc Market Insights \/ November : <a href=\"https:\/\/online.fliphtml5.com\/ropcz\/efih\/\" target=\"_blank\" rel=\"noopener\">t\u00e9l\u00e9chargement ici\u00a0\u00a0<\/a><\/h5>\n<h5>Newsletter MoZa\u00efc Market Insights \/ August : <a href=\"https:\/\/online.fliphtml5.com\/ropcz\/eplx\/\" target=\"_blank\" rel=\"noopener\">t\u00e9l\u00e9chargement ici<\/a><\/h5>\n<h5>Newsletter MoZa\u00efc Market Insights \/ May : <a href=\"https:\/\/online.fliphtml5.com\/ropcz\/fdux\/\" target=\"_blank\" rel=\"noopener\">t\u00e9l\u00e9chargement ici<\/a><\/h5>\n<h5>Newsletter MoZa\u00efc Market Insights \/ March : <a href=\"https:\/\/online.fliphtml5.com\/ropcz\/swka\/\" target=\"_blank\" rel=\"noopener\">t\u00e9l\u00e9chargement ici<\/a><\/h5>\n<h5>Newsletter MoZa\u00efc Market Insights \/ December : <a href=\"https:\/\/online.fliphtml5.com\/ropcz\/ufgs\/\" target=\"_blank\" rel=\"noopener\">t\u00e9l\u00e9chargement ici\u00a0<\/a><\/h5>\n<h3><\/h3>\n<p>&nbsp;<\/p>\n","protected":false},"excerpt":{"rendered":"<p>T\u00e9l\u00e9chargez notre Cartographie du secteur de l&#8217;immobilier de sant\u00e9. Cliquez ici pour vous obtenir la Cartographie dans son int\u00e9gralit\u00e9. &nbsp; &nbsp; T\u00e9l\u00e9chargez notre livre blanc ! &#8220;Au-del\u00e0 du carbone : se saisir des enjeux sociaux et de gouvernance dans la soci\u00e9t\u00e9&#8221;\u00a0 &#8211; Juin 2025 Cliquez ici pour d\u00e9couvrir notre livre blanc en ligne. Cliquez ici [&hellip;]<\/p>\n","protected":false},"author":2,"featured_media":0,"parent":0,"menu_order":0,"comment_status":"closed","ping_status":"closed","template":"","meta":{"footnotes":""},"folder":[],"class_list":["post-5080","page","type-page","status-publish","hentry"],"_links":{"self":[{"href":"https:\/\/mozaic-assetmanagement.com\/en\/wp-json\/wp\/v2\/pages\/5080","targetHints":{"allow":["GET"]}}],"collection":[{"href":"https:\/\/mozaic-assetmanagement.com\/en\/wp-json\/wp\/v2\/pages"}],"about":[{"href":"https:\/\/mozaic-assetmanagement.com\/en\/wp-json\/wp\/v2\/types\/page"}],"author":[{"embeddable":true,"href":"https:\/\/mozaic-assetmanagement.com\/en\/wp-json\/wp\/v2\/users\/2"}],"replies":[{"embeddable":true,"href":"https:\/\/mozaic-assetmanagement.com\/en\/wp-json\/wp\/v2\/comments?post=5080"}],"version-history":[{"count":6,"href":"https:\/\/mozaic-assetmanagement.com\/en\/wp-json\/wp\/v2\/pages\/5080\/revisions"}],"predecessor-version":[{"id":7416,"href":"https:\/\/mozaic-assetmanagement.com\/en\/wp-json\/wp\/v2\/pages\/5080\/revisions\/7416"}],"wp:attachment":[{"href":"https:\/\/mozaic-assetmanagement.com\/en\/wp-json\/wp\/v2\/media?parent=5080"}],"wp:term":[{"taxonomy":"folder","embeddable":true,"href":"https:\/\/mozaic-assetmanagement.com\/en\/wp-json\/wp\/v2\/folder?post=5080"}],"curies":[{"name":"wp","href":"https:\/\/api.w.org\/{rel}","templated":true}]}}