{"id":6538,"date":"2025-01-20T10:29:21","date_gmt":"2025-01-20T09:29:21","guid":{"rendered":"https:\/\/mozaic-assetmanagement.com\/rechtliche-hinweise\/"},"modified":"2025-01-20T10:29:21","modified_gmt":"2025-01-20T09:29:21","slug":"rechtliche-hinweise","status":"publish","type":"page","link":"https:\/\/mozaic-assetmanagement.com\/de\/rechtliche-hinweise\/","title":{"rendered":"Rechtliche Hinweise"},"content":{"rendered":"<p><b>Allgemeine Informationen:<\/b><br \/>\nDiese Website ist Eigentum von MoZa\u00efC Asset Management<br \/>\nHauptgesch\u00e4ftssitz: 22 Rue du Pont Neuf, 75001 Paris<br \/>\nDiese Website wurde erstellt von : MoZa\u00efC Asset Management<br \/>\nDiese Website wird gepflegt von: MoZa\u00efC Asset Management<br \/>\nDiese Website wird gehostet von: o2switch 222 Bd Gustave Flaub 222.<div class=\"gdlr-core-widget-list-shortcode\" id=\"gdlr-core-widget-list-0\"  ><h3 class=\"gdlr-core-widget-list-shortcode-title\"  >Why Book With Us?<\/h3><\/p>\n<ul>\n<li>No-hassle best price guarantee<\/li>\n<li>Kundenbetreuung 24\/7 verf\u00fcgbar<\/li>\n<li>Hand-picked Tours &amp; Activities<\/li>\n<li>Free Travel Insureance<\/li>\n<\/ul>\n<p><\/div>ert, 63000 Clermont-Ferrand &#8211; Siret : 510 909 807 00024 &#8211; RCS Clermont Ferrand &#8211; SARL mit einem Kapital von 100 000\u20ac.<\/p>\n<p><b>Copyright:<\/b><br \/>\nMoZa\u00efC Asset Management<\/p>\n<p><b>Anwendbares Recht:<\/b><br \/>\nDie Website https:\/\/mozaic-assetmanagement.com und die vorliegenden Allgemeinen Gesch\u00e4ftsbedingungen unterliegen dem franz\u00f6sischen Recht und sind in franz\u00f6sischer Sprache verfasst.<\/p>\n<p>MoZa\u00efC Asset Management beh\u00e4lt sich das Recht vor, diese Hinweise jederzeit zu \u00e4ndern. Der Nutzer verpflichtet sich, diese regelm\u00e4\u00dfig zu \u00fcberpr\u00fcfen.<\/p>\n<p><b>Pers\u00f6nliche Daten:<\/b><br \/>\nDer Besuch der Website https:\/\/mozaic-assetmanagement.com ist m\u00f6glich, ohne dass Sie Ihre Identit\u00e4t oder andere pers\u00f6nliche Informationen \u00fcber sich preisgeben m\u00fcssen.<br \/>\nMoZa\u00efC Asset Management verpflichtet sich, Ihre Privatsph\u00e4re zu respektieren und die Informationen, die Sie uns mitteilen, zu sch\u00fctzen. Insbesondere sind die auf der Website www.hostagency.fr gesammelten pers\u00f6nlichen Daten f\u00fcr die Verwendung durch MoZa\u00efC Asset Management bestimmt. Sie sind vertraulich und werden als solche behandelt.<\/p>\n<p>In Bezug auf die namentlichen Informationen, die Sie uns mitteilen, haben Sie das Recht auf Zugang und Berichtigung gem\u00e4\u00df dem franz\u00f6sischen Gesetz \u00fcber Informatik und Freiheit Nr. 78-17 vom 6. Januar 1978. Sie k\u00f6nnen dieses Recht bei MoZa\u00efC Asset Management aus\u00fcben &#8211; Adresse: 22 Rue du Pont Neuf, 75001 Paris<br \/>\nWenn Sie Newsletter abonniert haben, k\u00f6nnen Sie den Erhalt dieser E-Mails abbestellen.<\/p>\n<p>Wir weisen Sie darauf hin, dass bestimmte nicht-pers\u00f6nliche Informationen \u00fcber Ihre Aktivit\u00e4ten auf dieser Website automatisch gesammelt werden, um Ihnen immer bessere Produkte und Dienstleistungen anbieten zu k\u00f6nnen. Diese Informationen sind f\u00fcr MoZa\u00efC Asset Management bestimmt und k\u00f6nnen auch im Rahmen von Gesch\u00e4fts- oder Marketingoperationen verwendet werden oder als Grundlage f\u00fcr Studien und Analysen dienen.<\/p>\n<p>Diese Informationen werden nicht an Dritte weitergegeben. Zu deinen Daten haben nur unsere Mitarbeiter bei MoZa\u00efC Asset Management Zugang.<\/p>\n<p><b>Sicherheit:<\/b><br \/>\nWir ergreifen alle notwendigen Vorsichtsma\u00dfnahmen, um die Integrit\u00e4t der Daten zu sch\u00fctzen, ihre Vertraulichkeit zu wahren und die Kommunikation zu verhindern.<\/p>\n<p><b>Hyperlinks:<\/b><br \/>\nDie Einrichtung eines Hyperlinks zur Website https:\/\/mozaic-assetmanagement.com bedarf keiner vorherigen schriftlichen Genehmigung durch MoZa\u00efC Asset Management. MoZa\u00efC Asset Management muss jedoch innerhalb von maximal 30 Tagen nach der Einrichtung des Links dar\u00fcber informiert werden.<\/p>\n<p>MoZa\u00efC Asset Management haftet in keinem Fall f\u00fcr den Inhalt, die Produkte oder Dienstleistungen, die auf anderen Websites angeboten werden, mit denen die Website https:\/\/mozaic-assetmanagement.com durch Hyperlinks oder andere Arten von Links verbunden ist.<\/p>\n<p><b>Geistige Eigentumsrechte:<\/b><br \/>\nMoZa\u00efC Asset Management weist die Nutzer dieser Website darauf hin, dass zahlreiche Elemente dieser Website:<br \/>\na) urheberrechtlich gesch\u00fctzt sind: Dies gilt insbesondere f\u00fcr Fotografien, Artikel, Zeichnungen, Animationssequenzen usw.;<br \/>\nb) und\/oder durch die Gesetzgebung \u00fcber Zeichnungen und Modelle gesch\u00fctzt sind;<br \/>\nc) durch die Gesetzgebung \u00fcber Marken gesch\u00fctzt sind.<\/p>\n<p>Die so gesch\u00fctzten Elemente sind Eigentum von MoZa\u00efC Asset Management oder von Dritten, die MoZa\u00efC Asset Management die Genehmigung zur Nutzung dieser Elemente erteilt haben.<\/p>\n<p>Jede teilweise oder vollst\u00e4ndige Vervielf\u00e4ltigung, Darstellung, Verwendung, Anpassung, \u00c4nderung, Einarbeitung, \u00dcbersetzung, Vermarktung durch irgendein Verfahren und auf irgendeinem Medium (Papier, digital, &#8230;) ist ohne vorherige schriftliche Genehmigung von MoZa\u00efC Asset Management untersagt, mit Ausnahme der in Artikel L 122.5 des franz\u00f6sischen Gesetzes \u00fcber geistiges Eigentum genannten Ausnahmen.<\/p>\n<p><b>Urheber- und\/oder Geschmacksmusterrechte:<\/b><br \/>\nDie Fotografien, Texte, Slogans, Zeichnungen, Bilder, animierte Ton- und Bildsequenzen sowie alle in die Website integrierten Werke sind Eigentum von MoZa\u00efC Asset Management oder von Dritten, die MoZa\u00efC Asset Management die Genehmigung zur Nutzung erteilt haben.<\/p>\n<p>Die Vervielf\u00e4ltigung der Website auf Papier oder in elektronischer Form ist unter dem Vorbehalt gestattet, dass sie ausschlie\u00dflich f\u00fcr den pers\u00f6nlichen Gebrauch erfolgt und jegliche Nutzung zu Werbe- und\/oder kommerziellen und\/oder Informationszwecken ausgeschlossen ist und\/oder dass sie den Bestimmungen von Artikel L122-5 des Gesetzes \u00fcber geistiges Eigentum entspricht.<\/p>\n<p><b>Informationen zu den Dienstleistungen:<\/b><br \/>\nMoZa\u00efC Asset Management kann im Rahmen einer Politik der st\u00e4ndigen Verbesserung seiner Dienstleistungen die Merkmale seines Angebots jederzeit \u00e4ndern. Die auf dieser Website dargestellten Produkte und\/oder Dienstleistungen sind solche, die in Frankreich vertrieben werden.<\/p>\n<p>In jedem Fall sind die auf dieser Website enthaltenen Informationen allgemeiner Art und nicht vertraglich bindend.<\/p>\n<p><b>Haftungsbeschr\u00e4nkung:<\/b><br \/>\nSie nutzen die Website https:\/\/mozaic-assetmanagement.com auf eigene Verantwortung. MoZa\u00efC Asset Management haftet nicht f\u00fcr direkte oder indirekte Sch\u00e4den, wie z.B. Sachsch\u00e4den, Daten- oder Programmverluste, finanzielle Sch\u00e4den, die sich aus der Nutzung dieser Website oder von Websites, die mit ihr verlinkt sind, ergeben.<\/p>\n<p><b>Aktualisierung:<\/b><br \/>\nMoZa\u00efC Asset Management beh\u00e4lt sich das Recht vor, diese rechtlichen Hinweise und alle auf der Website vorgestellten Elemente und Produkte ohne vorherige Ank\u00fcndigung zu \u00e4ndern und zu aktualisieren. Alle diese \u00c4nderungen sind f\u00fcr Internetnutzer verbindlich, die diese Allgemeinen Gesch\u00e4ftsbedingungen bei jeder Verbindung \u00fcberpr\u00fcfen m\u00fcssen.<\/p>\n<p><b>Statistische Tracking-Daten:<\/b><br \/>\nWir verwenden Verbindungsdaten f\u00fcr unsere Abrufstatistiken (Browsertyp, Anzahl der Besucher, besuchte Rubriken&#8230;) zur Optimierung unserer Website in Bezug auf Rubriken und Navigation, aber diese Informationen werden nicht an Dritte weitergegeben.<\/p>\n<p>Vervielf\u00e4ltigung auf Papier: Mit Ausnahme der Ikonografie ist die Vervielf\u00e4ltigung der Seiten dieser Website auf Papier unter Einhaltung der folgenden drei Bedingungen gestattet:<\/p>\n<p>&#8211; Kostenlose Verbreitung.<br \/>\n&#8211; die Integrit\u00e4t der reproduzierten Dokumente zu respektieren (keine Ver\u00e4nderungen oder Ab\u00e4nderungen jeglicher Art).<br \/>\n&#8211; ausdr\u00fcckliche Nennung von https:\/\/mozaic-assetmanagement.com als Quelle und Hinweis darauf, dass die Vervielf\u00e4ltigungsrechte vorbehalten und streng begrenzt sind.<\/p>\n<p>&nbsp;<\/p>\n<p>&nbsp;<\/p>\n","protected":false},"excerpt":{"rendered":"<p>Allgemeine Informationen: Diese Website ist Eigentum von MoZa\u00efC Asset Management Hauptgesch\u00e4ftssitz: 22 Rue du Pont Neuf, 75001 Paris Diese Website wurde erstellt von : MoZa\u00efC Asset Management Diese Website wird gepflegt von: MoZa\u00efC Asset Management Diese Website wird gehostet von: o2switch 222 Bd Gustave Flaub 222.ert, 63000 Clermont-Ferrand &#8211; Siret : 510 909 807 00024 [&hellip;]<\/p>\n","protected":false},"author":2,"featured_media":0,"parent":0,"menu_order":0,"comment_status":"closed","ping_status":"closed","template":"","meta":{"footnotes":""},"folder":[],"class_list":["post-6538","page","type-page","status-publish","hentry"],"_links":{"self":[{"href":"https:\/\/mozaic-assetmanagement.com\/de\/wp-json\/wp\/v2\/pages\/6538","targetHints":{"allow":["GET"]}}],"collection":[{"href":"https:\/\/mozaic-assetmanagement.com\/de\/wp-json\/wp\/v2\/pages"}],"about":[{"href":"https:\/\/mozaic-assetmanagement.com\/de\/wp-json\/wp\/v2\/types\/page"}],"author":[{"embeddable":true,"href":"https:\/\/mozaic-assetmanagement.com\/de\/wp-json\/wp\/v2\/users\/2"}],"replies":[{"embeddable":true,"href":"https:\/\/mozaic-assetmanagement.com\/de\/wp-json\/wp\/v2\/comments?post=6538"}],"version-history":[{"count":0,"href":"https:\/\/mozaic-assetmanagement.com\/de\/wp-json\/wp\/v2\/pages\/6538\/revisions"}],"wp:attachment":[{"href":"https:\/\/mozaic-assetmanagement.com\/de\/wp-json\/wp\/v2\/media?parent=6538"}],"wp:term":[{"taxonomy":"folder","embeddable":true,"href":"https:\/\/mozaic-assetmanagement.com\/de\/wp-json\/wp\/v2\/folder?post=6538"}],"curies":[{"name":"wp","href":"https:\/\/api.w.org\/{rel}","templated":true}]}}